{"id":15473,"date":"2015-10-26T02:34:59","date_gmt":"2015-10-26T01:34:59","guid":{"rendered":"https:\/\/www.mercis.si\/podjetje\/"},"modified":"2024-08-21T10:38:35","modified_gmt":"2024-08-21T08:38:35","slug":"podjetje","status":"publish","type":"page","link":"https:\/\/www.mercis.si\/sl\/podjetje\/","title":{"rendered":"Podjetje"},"content":{"rendered":"<p>[et_pb_section fb_built=&#8221;1&#8243; custom_padding_last_edited=&#8221;off|desktop&#8221; _builder_version=&#8221;4.16&#8243; background_color=&#8221;rgba(255,255,255,0)&#8221; custom_padding=&#8221;||40px|&#8221; global_colors_info=&#8221;{}&#8221;][et_pb_row _builder_version=&#8221;4.16&#8243; background_size=&#8221;initial&#8221; background_position=&#8221;top_left&#8221; background_repeat=&#8221;repeat&#8221; global_colors_info=&#8221;{}&#8221;][et_pb_column type=&#8221;4_4&#8243; _builder_version=&#8221;4.16&#8243; custom_padding=&#8221;|||&#8221; global_colors_info=&#8221;{}&#8221; custom_padding__hover=&#8221;|||&#8221;][et_pb_text admin_label=&#8221;Supplying fine fabrics&#8221; _builder_version=&#8221;4.27.0&#8243; text_font_size=&#8221;16&#8243; text_line_height=&#8221;1.5em&#8221; header_font_size=&#8221;40px&#8221; background_size=&#8221;initial&#8221; background_position=&#8221;top_left&#8221; background_repeat=&#8221;repeat&#8221; hover_enabled=&#8221;0&#8243; use_border_color=&#8221;off&#8221; global_colors_info=&#8221;{}&#8221; sticky_enabled=&#8221;0&#8243;]<\/p>\n<h1>Bogata ponudba tapetni\u0161kih in dekorativnih tkanin ter usnja \u017ee ve\u010d kot 30 let<\/h1>\n<p>Na\u0161a ponudba materialov je prilagojena razli\u010dnim okusom, pri tem pa izbor izdelkov in cene vsakomur omogo\u010dajo, da najde \u017eeleno tkanino.[\/et_pb_text][et_pb_divider show_divider=&#8221;off&#8221; _builder_version=&#8221;4.16&#8243; height=&#8221;20px&#8221; global_colors_info=&#8221;{}&#8221;][\/et_pb_divider][\/et_pb_column][\/et_pb_row][et_pb_row column_structure=&#8221;1_3,1_3,1_3&#8243; admin_label=&#8221;row&#8221; _builder_version=&#8221;4.16&#8243; background_size=&#8221;initial&#8221; background_position=&#8221;top_left&#8221; background_repeat=&#8221;repeat&#8221; custom_padding=&#8221;10px|||&#8221; global_colors_info=&#8221;{}&#8221;][et_pb_column type=&#8221;1_3&#8243; _builder_version=&#8221;4.16&#8243; custom_padding=&#8221;|||&#8221; global_colors_info=&#8221;{}&#8221; custom_padding__hover=&#8221;|||&#8221;][et_pb_image src=&#8221;https:\/\/www.mercis.si\/wp-content\/uploads\/2015\/10\/mercis_headquarters3.jpg&#8221; show_in_lightbox=&#8221;on&#8221; align_tablet=&#8221;center&#8221; align_phone=&#8221;&#8221; align_last_edited=&#8221;on|desktop&#8221; _builder_version=&#8221;4.16&#8243; animation_style=&#8221;fade&#8221; animation_duration=&#8221;500ms&#8221; use_border_color=&#8221;off&#8221; border_color=&#8221;#ffffff&#8221; border_style=&#8221;solid&#8221; animation=&#8221;fade_in&#8221; sticky=&#8221;off&#8221; always_center_on_mobile=&#8221;on&#8221; global_colors_info=&#8221;{}&#8221;][\/et_pb_image][et_pb_text _builder_version=&#8221;4.16&#8243; background_size=&#8221;initial&#8221; background_position=&#8221;top_left&#8221; background_repeat=&#8221;repeat&#8221; use_border_color=&#8221;off&#8221; border_color=&#8221;#ffffff&#8221; border_style=&#8221;solid&#8221; global_colors_info=&#8221;{}&#8221;]Podjetje Mercis d.o.o. deluje \u017ee od leta 1994. S spremljanjem modnih trendov in upo\u0161tevanjem zahtev svojih strank smo iz majhnega podjetja zrasli v enega najve\u010djih ponudnikov tkanin za notranje oblikovanje. Na\u0161 program zajema razli\u010dne materiale za oblazinjenje, namizne prte za gostinstvo in dom, zavese, drogove za zavese itn. V na\u0161i bogati ponudbi izdelkov bo vsakdo na\u0161el ustrezen material za ureditev doma ne glede na to, ali bo ta trendovska ali povsem retro. Na\u0161a ponudba materialov je prilagojena razli\u010dnim okusom, pri tem pa izbor izdelkov in cene vsakomur omogo\u010dajo, da najde \u017eeleno tkanino. Vsi izdelki iz rednih kolekcij so vedno na zalogi, zato strankam jam\u010dimo hitro dobavo.<br \/>\n[\/et_pb_text][\/et_pb_column][et_pb_column type=&#8221;1_3&#8243; _builder_version=&#8221;4.16&#8243; custom_padding=&#8221;|||&#8221; global_colors_info=&#8221;{}&#8221; custom_padding__hover=&#8221;|||&#8221;][et_pb_image src=&#8221;https:\/\/www.mercis.si\/wp-content\/uploads\/2015\/10\/damask_chair.jpg&#8221; show_in_lightbox=&#8221;on&#8221; force_fullwidth=&#8221;on&#8221; align_tablet=&#8221;center&#8221; align_phone=&#8221;&#8221; align_last_edited=&#8221;on|desktop&#8221; _builder_version=&#8221;4.16&#8243; animation_style=&#8221;fade&#8221; animation_duration=&#8221;500ms&#8221; use_border_color=&#8221;off&#8221; border_color=&#8221;#ffffff&#8221; border_style=&#8221;solid&#8221; animation=&#8221;fade_in&#8221; sticky=&#8221;off&#8221; always_center_on_mobile=&#8221;on&#8221; global_colors_info=&#8221;{}&#8221;][\/et_pb_image][et_pb_text _builder_version=&#8221;4.27.0&#8243; background_size=&#8221;initial&#8221; background_position=&#8221;top_left&#8221; background_repeat=&#8221;repeat&#8221; hover_enabled=&#8221;0&#8243; use_border_color=&#8221;off&#8221; border_color=&#8221;#ffffff&#8221; border_style=&#8221;solid&#8221; global_colors_info=&#8221;{}&#8221; sticky_enabled=&#8221;0&#8243;]Poseben del na\u0161e ponudbe so ognjevarne tkanine za opremljanje hotelov, bolni\u0161nic in domov za ostarele. Ponujamo ognjevarne tkanine za oblazinjenje in zavese. \u0160tevilni znani hoteli so opremljeni z na\u0161imi tkaninami. Na\u0161i izdelki poleg tega krasijo veleposlani\u0161tva, obnovljene gradove, javne prostore in \u0161ole.<\/p>\n<p>Danes v regiji zasedamo ugleden polo\u017eaj. Poleg dobre prepoznavnosti v evropskem prostoru imamo stranke tudi drugod po svetu.<br \/>\n[\/et_pb_text][\/et_pb_column][et_pb_column type=&#8221;1_3&#8243; _builder_version=&#8221;4.16&#8243; custom_padding=&#8221;|||&#8221; global_colors_info=&#8221;{}&#8221; custom_padding__hover=&#8221;|||&#8221;][et_pb_image src=&#8221;https:\/\/www.mercis.si\/wp-content\/uploads\/2015\/10\/white_leather.jpg&#8221; show_in_lightbox=&#8221;on&#8221; force_fullwidth=&#8221;on&#8221; align_tablet=&#8221;center&#8221; align_phone=&#8221;&#8221; align_last_edited=&#8221;on|desktop&#8221; _builder_version=&#8221;4.16&#8243; animation_style=&#8221;fade&#8221; animation_duration=&#8221;500ms&#8221; use_border_color=&#8221;off&#8221; border_color=&#8221;#ffffff&#8221; border_style=&#8221;solid&#8221; animation=&#8221;fade_in&#8221; sticky=&#8221;off&#8221; always_center_on_mobile=&#8221;on&#8221; global_colors_info=&#8221;{}&#8221;][\/et_pb_image][et_pb_text _builder_version=&#8221;4.16&#8243; background_size=&#8221;initial&#8221; background_position=&#8221;top_left&#8221; background_repeat=&#8221;repeat&#8221; use_border_color=&#8221;off&#8221; border_color=&#8221;#ffffff&#8221; border_style=&#8221;solid&#8221; global_colors_info=&#8221;{}&#8221;]Vse tkanine so preizku\u0161ene v priznanem nem\u0161kem laboratoriju skladno z evropskimi standardi. Nadzor nad tkaninami, ki se izdelujejo na okolju prijazen na\u010din in iz ne\u0161kodljivih materialov, obsega dolo\u010ditev vsebnosti \u0161kodljivih kemikalij in alergenov.<\/p>\n<p>Da bi vam olaj\u0161ali odlo\u010ditev, kolekcije prikazujejo vse mo\u017ene kombinacije enobarvnih in vzor\u010dastih tkanin iz naravnih ali umetnih materialov. Vsak izdelek je na voljo v razli\u010dnih barvah, zaradi \u010desar lahko izbirate med ve\u010d kot tiso\u010d barvami in vzorci.<br \/>\n[\/et_pb_text][\/et_pb_column][\/et_pb_row][\/et_pb_section]<\/p>\n","protected":false},"excerpt":{"rendered":"<p>Bogata ponudba tapetni\u0161kih in dekorativnih tkanin ter usnja \u017ee ve\u010d kot 30 let Na\u0161a ponudba materialov je prilagojena razli\u010dnim okusom, pri tem pa izbor izdelkov in cene vsakomur omogo\u010dajo, da najde \u017eeleno tkanino.Podjetje Mercis d.o.o. deluje \u017ee od leta 1994. S spremljanjem modnih trendov in upo\u0161tevanjem zahtev svojih strank smo iz majhnega podjetja zrasli v [&hellip;]<\/p>\n","protected":false},"author":1,"featured_media":15592,"parent":0,"menu_order":5,"comment_status":"closed","ping_status":"closed","template":"","meta":{"_acf_changed":false,"_et_pb_use_builder":"on","_et_pb_old_content":"","_et_gb_content_width":"","footnotes":""},"class_list":["post-15473","page","type-page","status-publish","has-post-thumbnail","hentry"],"acf":[],"yoast_head":"<!-- This site is optimized with the Yoast SEO plugin v27.5 - https:\/\/yoast.com\/product\/yoast-seo-wordpress\/ -->\n<title>Podjetje - MERCIS<\/title>\n<meta name=\"robots\" content=\"index, follow, max-snippet:-1, max-image-preview:large, max-video-preview:-1\" \/>\n<link rel=\"canonical\" href=\"https:\/\/www.mercis.si\/sl\/podjetje\/\" \/>\n<meta property=\"og:locale\" content=\"sl_SI\" \/>\n<meta property=\"og:type\" content=\"article\" \/>\n<meta property=\"og:title\" content=\"Podjetje - MERCIS\" \/>\n<meta property=\"og:description\" content=\"Bogata ponudba tapetni\u0161kih in dekorativnih tkanin ter usnja \u017ee ve\u010d kot 30 let Na\u0161a ponudba materialov je prilagojena razli\u010dnim okusom, pri tem pa izbor izdelkov in cene vsakomur omogo\u010dajo, da najde \u017eeleno tkanino.Podjetje Mercis d.o.o. deluje \u017ee od leta 1994. S spremljanjem modnih trendov in upo\u0161tevanjem zahtev svojih strank smo iz majhnega podjetja zrasli v [&hellip;]\" \/>\n<meta property=\"og:url\" content=\"https:\/\/www.mercis.si\/sl\/podjetje\/\" \/>\n<meta property=\"og:site_name\" content=\"MERCIS\" \/>\n<meta property=\"article:modified_time\" content=\"2024-08-21T08:38:35+00:00\" \/>\n<meta property=\"og:image\" content=\"https:\/\/www.mercis.si\/wp-content\/uploads\/2015\/10\/mercis_headquarters3.jpg\" \/>\n\t<meta property=\"og:image:width\" content=\"1000\" \/>\n\t<meta property=\"og:image:height\" content=\"667\" \/>\n\t<meta property=\"og:image:type\" content=\"image\/jpeg\" \/>\n<meta name=\"twitter:card\" content=\"summary_large_image\" \/>\n<meta name=\"twitter:label1\" content=\"Est. reading time\" \/>\n\t<meta name=\"twitter:data1\" content=\"4 minute\" \/>\n<script type=\"application\/ld+json\" class=\"yoast-schema-graph\">{\"@context\":\"https:\\\/\\\/schema.org\",\"@graph\":[{\"@type\":\"WebPage\",\"@id\":\"https:\\\/\\\/www.mercis.si\\\/sl\\\/podjetje\\\/\",\"url\":\"https:\\\/\\\/www.mercis.si\\\/sl\\\/podjetje\\\/\",\"name\":\"Podjetje - MERCIS\",\"isPartOf\":{\"@id\":\"https:\\\/\\\/www.mercis.si\\\/sl\\\/#website\"},\"primaryImageOfPage\":{\"@id\":\"https:\\\/\\\/www.mercis.si\\\/sl\\\/podjetje\\\/#primaryimage\"},\"image\":{\"@id\":\"https:\\\/\\\/www.mercis.si\\\/sl\\\/podjetje\\\/#primaryimage\"},\"thumbnailUrl\":\"https:\\\/\\\/www.mercis.si\\\/wp-content\\\/uploads\\\/2015\\\/10\\\/mercis_headquarters3.jpg\",\"datePublished\":\"2015-10-26T01:34:59+00:00\",\"dateModified\":\"2024-08-21T08:38:35+00:00\",\"breadcrumb\":{\"@id\":\"https:\\\/\\\/www.mercis.si\\\/sl\\\/podjetje\\\/#breadcrumb\"},\"inLanguage\":\"sl-SI\",\"potentialAction\":[{\"@type\":\"ReadAction\",\"target\":[\"https:\\\/\\\/www.mercis.si\\\/sl\\\/podjetje\\\/\"]}]},{\"@type\":\"ImageObject\",\"inLanguage\":\"sl-SI\",\"@id\":\"https:\\\/\\\/www.mercis.si\\\/sl\\\/podjetje\\\/#primaryimage\",\"url\":\"https:\\\/\\\/www.mercis.si\\\/wp-content\\\/uploads\\\/2015\\\/10\\\/mercis_headquarters3.jpg\",\"contentUrl\":\"https:\\\/\\\/www.mercis.si\\\/wp-content\\\/uploads\\\/2015\\\/10\\\/mercis_headquarters3.jpg\",\"width\":1000,\"height\":667},{\"@type\":\"BreadcrumbList\",\"@id\":\"https:\\\/\\\/www.mercis.si\\\/sl\\\/podjetje\\\/#breadcrumb\",\"itemListElement\":[{\"@type\":\"ListItem\",\"position\":1,\"name\":\"Home\",\"item\":\"https:\\\/\\\/www.mercis.si\\\/sl\\\/\"},{\"@type\":\"ListItem\",\"position\":2,\"name\":\"Podjetje\"}]},{\"@type\":\"WebSite\",\"@id\":\"https:\\\/\\\/www.mercis.si\\\/sl\\\/#website\",\"url\":\"https:\\\/\\\/www.mercis.si\\\/sl\\\/\",\"name\":\"MERCIS\",\"description\":\"Fabrics &amp; Leathers\",\"publisher\":{\"@id\":\"https:\\\/\\\/www.mercis.si\\\/sl\\\/#organization\"},\"potentialAction\":[{\"@type\":\"SearchAction\",\"target\":{\"@type\":\"EntryPoint\",\"urlTemplate\":\"https:\\\/\\\/www.mercis.si\\\/sl\\\/?s={search_term_string}\"},\"query-input\":{\"@type\":\"PropertyValueSpecification\",\"valueRequired\":true,\"valueName\":\"search_term_string\"}}],\"inLanguage\":\"sl-SI\"},{\"@type\":\"Organization\",\"@id\":\"https:\\\/\\\/www.mercis.si\\\/sl\\\/#organization\",\"name\":\"MERCIS\",\"url\":\"https:\\\/\\\/www.mercis.si\\\/sl\\\/\",\"logo\":{\"@type\":\"ImageObject\",\"inLanguage\":\"sl-SI\",\"@id\":\"https:\\\/\\\/www.mercis.si\\\/sl\\\/#\\\/schema\\\/logo\\\/image\\\/\",\"url\":\"https:\\\/\\\/www.mercis.si\\\/wp-content\\\/uploads\\\/2018\\\/03\\\/mercis_logo.png\",\"contentUrl\":\"https:\\\/\\\/www.mercis.si\\\/wp-content\\\/uploads\\\/2018\\\/03\\\/mercis_logo.png\",\"width\":143,\"height\":27,\"caption\":\"MERCIS\"},\"image\":{\"@id\":\"https:\\\/\\\/www.mercis.si\\\/sl\\\/#\\\/schema\\\/logo\\\/image\\\/\"}}]}<\/script>\n<!-- \/ Yoast SEO plugin. -->","yoast_head_json":{"title":"Podjetje - MERCIS","robots":{"index":"index","follow":"follow","max-snippet":"max-snippet:-1","max-image-preview":"max-image-preview:large","max-video-preview":"max-video-preview:-1"},"canonical":"https:\/\/www.mercis.si\/sl\/podjetje\/","og_locale":"sl_SI","og_type":"article","og_title":"Podjetje - MERCIS","og_description":"Bogata ponudba tapetni\u0161kih in dekorativnih tkanin ter usnja \u017ee ve\u010d kot 30 let Na\u0161a ponudba materialov je prilagojena razli\u010dnim okusom, pri tem pa izbor izdelkov in cene vsakomur omogo\u010dajo, da najde \u017eeleno tkanino.Podjetje Mercis d.o.o. deluje \u017ee od leta 1994. S spremljanjem modnih trendov in upo\u0161tevanjem zahtev svojih strank smo iz majhnega podjetja zrasli v [&hellip;]","og_url":"https:\/\/www.mercis.si\/sl\/podjetje\/","og_site_name":"MERCIS","article_modified_time":"2024-08-21T08:38:35+00:00","og_image":[{"width":1000,"height":667,"url":"https:\/\/www.mercis.si\/wp-content\/uploads\/2015\/10\/mercis_headquarters3.jpg","type":"image\/jpeg"}],"twitter_card":"summary_large_image","twitter_misc":{"Est. reading time":"4 minute"},"schema":{"@context":"https:\/\/schema.org","@graph":[{"@type":"WebPage","@id":"https:\/\/www.mercis.si\/sl\/podjetje\/","url":"https:\/\/www.mercis.si\/sl\/podjetje\/","name":"Podjetje - MERCIS","isPartOf":{"@id":"https:\/\/www.mercis.si\/sl\/#website"},"primaryImageOfPage":{"@id":"https:\/\/www.mercis.si\/sl\/podjetje\/#primaryimage"},"image":{"@id":"https:\/\/www.mercis.si\/sl\/podjetje\/#primaryimage"},"thumbnailUrl":"https:\/\/www.mercis.si\/wp-content\/uploads\/2015\/10\/mercis_headquarters3.jpg","datePublished":"2015-10-26T01:34:59+00:00","dateModified":"2024-08-21T08:38:35+00:00","breadcrumb":{"@id":"https:\/\/www.mercis.si\/sl\/podjetje\/#breadcrumb"},"inLanguage":"sl-SI","potentialAction":[{"@type":"ReadAction","target":["https:\/\/www.mercis.si\/sl\/podjetje\/"]}]},{"@type":"ImageObject","inLanguage":"sl-SI","@id":"https:\/\/www.mercis.si\/sl\/podjetje\/#primaryimage","url":"https:\/\/www.mercis.si\/wp-content\/uploads\/2015\/10\/mercis_headquarters3.jpg","contentUrl":"https:\/\/www.mercis.si\/wp-content\/uploads\/2015\/10\/mercis_headquarters3.jpg","width":1000,"height":667},{"@type":"BreadcrumbList","@id":"https:\/\/www.mercis.si\/sl\/podjetje\/#breadcrumb","itemListElement":[{"@type":"ListItem","position":1,"name":"Home","item":"https:\/\/www.mercis.si\/sl\/"},{"@type":"ListItem","position":2,"name":"Podjetje"}]},{"@type":"WebSite","@id":"https:\/\/www.mercis.si\/sl\/#website","url":"https:\/\/www.mercis.si\/sl\/","name":"MERCIS","description":"Fabrics &amp; Leathers","publisher":{"@id":"https:\/\/www.mercis.si\/sl\/#organization"},"potentialAction":[{"@type":"SearchAction","target":{"@type":"EntryPoint","urlTemplate":"https:\/\/www.mercis.si\/sl\/?s={search_term_string}"},"query-input":{"@type":"PropertyValueSpecification","valueRequired":true,"valueName":"search_term_string"}}],"inLanguage":"sl-SI"},{"@type":"Organization","@id":"https:\/\/www.mercis.si\/sl\/#organization","name":"MERCIS","url":"https:\/\/www.mercis.si\/sl\/","logo":{"@type":"ImageObject","inLanguage":"sl-SI","@id":"https:\/\/www.mercis.si\/sl\/#\/schema\/logo\/image\/","url":"https:\/\/www.mercis.si\/wp-content\/uploads\/2018\/03\/mercis_logo.png","contentUrl":"https:\/\/www.mercis.si\/wp-content\/uploads\/2018\/03\/mercis_logo.png","width":143,"height":27,"caption":"MERCIS"},"image":{"@id":"https:\/\/www.mercis.si\/sl\/#\/schema\/logo\/image\/"}}]}},"_links":{"self":[{"href":"https:\/\/www.mercis.si\/sl\/wp-json\/wp\/v2\/pages\/15473","targetHints":{"allow":["GET"]}}],"collection":[{"href":"https:\/\/www.mercis.si\/sl\/wp-json\/wp\/v2\/pages"}],"about":[{"href":"https:\/\/www.mercis.si\/sl\/wp-json\/wp\/v2\/types\/page"}],"author":[{"embeddable":true,"href":"https:\/\/www.mercis.si\/sl\/wp-json\/wp\/v2\/users\/1"}],"replies":[{"embeddable":true,"href":"https:\/\/www.mercis.si\/sl\/wp-json\/wp\/v2\/comments?post=15473"}],"version-history":[{"count":11,"href":"https:\/\/www.mercis.si\/sl\/wp-json\/wp\/v2\/pages\/15473\/revisions"}],"predecessor-version":[{"id":45407,"href":"https:\/\/www.mercis.si\/sl\/wp-json\/wp\/v2\/pages\/15473\/revisions\/45407"}],"wp:featuredmedia":[{"embeddable":true,"href":"https:\/\/www.mercis.si\/sl\/wp-json\/wp\/v2\/media\/15592"}],"wp:attachment":[{"href":"https:\/\/www.mercis.si\/sl\/wp-json\/wp\/v2\/media?parent=15473"}],"curies":[{"name":"wp","href":"https:\/\/api.w.org\/{rel}","templated":true}]}}