{"id":15475,"date":"2018-03-06T00:01:58","date_gmt":"2018-03-05T23:01:58","guid":{"rendered":"https:\/\/www.mercis.si\/mood-boards\/"},"modified":"2024-05-24T22:00:32","modified_gmt":"2024-05-24T20:00:32","slug":"mood-boards","status":"publish","type":"page","link":"https:\/\/www.mercis.si\/sl\/mood-boards\/","title":{"rendered":"Mood Boards"},"content":{"rendered":"<p>[et_pb_section fb_built=&#8221;1&#8243; _builder_version=&#8221;3.25.3&#8243; inner_width_tablet=&#8221;50px&#8221; inner_max_width_tablet=&#8221;100px&#8221; inner_max_width_phone=&#8221;50px&#8221; custom_padding=&#8221;||50px|&#8221; z_index_tablet=&#8221;500&#8243; box_shadow_horizontal_tablet=&#8221;0px&#8221; box_shadow_vertical_tablet=&#8221;0px&#8221; box_shadow_blur_tablet=&#8221;40px&#8221; box_shadow_spread_tablet=&#8221;0px&#8221;][et_pb_row _builder_version=&#8221;3.25&#8243; background_size=&#8221;initial&#8221; background_position=&#8221;top_left&#8221; background_repeat=&#8221;repeat&#8221;][et_pb_column type=&#8221;4_4&#8243; _builder_version=&#8221;3.0.47&#8243; custom_padding=&#8221;|||&#8221; custom_padding__hover=&#8221;|||&#8221;][et_pb_text admin_label=&#8221;Mood Boards&#8221; _builder_version=&#8221;3.27.4&#8243; text_font_size=&#8221;16px&#8221; header_font_size=&#8221;48px&#8221; background_size=&#8221;initial&#8221; background_position=&#8221;top_left&#8221; background_repeat=&#8221;repeat&#8221; use_border_color=&#8221;off&#8221;]<\/p>\n<h1>Inspiracije<\/h1>\n<p>Oglejte si najnovej\u0161e kolekcije tkanin, ki so predstavljene v harmoni\u010dnih, dinami\u010dnih in v\u010dasih ekstravagantnih kombinacijah. Bodite navdihnjeni!<br \/>\n[\/et_pb_text][et_pb_divider color=&#8221;#cccccc&#8221; divider_position=&#8221;center&#8221; _builder_version=&#8221;3.0.105&#8243; height=&#8221;30px&#8221;][\/et_pb_divider][\/et_pb_column][\/et_pb_row][et_pb_row _builder_version=&#8221;3.25.3&#8243; custom_padding=&#8221;10px|||&#8221;][et_pb_column type=&#8221;4_4&#8243; _builder_version=&#8221;3.0.47&#8243; custom_padding=&#8221;|||&#8221; custom_padding__hover=&#8221;|||&#8221;][et_pb_portfolio fullwidth=&#8221;off&#8221; posts_number=&#8221;20&#8243; show_categories=&#8221;off&#8221; zoom_icon_color=&#8221;#cb9b34&#8243; _builder_version=&#8221;4.9.7&#8243; hover_enabled=&#8221;0&#8243; sticky_enabled=&#8221;0&#8243;][\/et_pb_portfolio][\/et_pb_column][\/et_pb_row][\/et_pb_section]<\/p>\n","protected":false},"excerpt":{"rendered":"<p>Inspiracije Oglejte si najnovej\u0161e kolekcije tkanin, ki so predstavljene v harmoni\u010dnih, dinami\u010dnih in v\u010dasih ekstravagantnih kombinacijah. Bodite navdihnjeni!<\/p>\n","protected":false},"author":1,"featured_media":0,"parent":0,"menu_order":4,"comment_status":"closed","ping_status":"closed","template":"","meta":{"_acf_changed":false,"_et_pb_use_builder":"on","_et_pb_old_content":"","_et_gb_content_width":"","footnotes":""},"class_list":["post-15475","page","type-page","status-publish","hentry"],"acf":[],"yoast_head":"<!-- This site is optimized with the Yoast SEO plugin v27.4 - https:\/\/yoast.com\/product\/yoast-seo-wordpress\/ -->\n<title>Mood Boards - MERCIS<\/title>\n<meta name=\"robots\" content=\"index, follow, max-snippet:-1, max-image-preview:large, max-video-preview:-1\" \/>\n<link rel=\"canonical\" href=\"https:\/\/www.mercis.si\/sl\/mood-boards\/\" \/>\n<meta property=\"og:locale\" content=\"sl_SI\" \/>\n<meta property=\"og:type\" content=\"article\" \/>\n<meta property=\"og:title\" content=\"Mood Boards - MERCIS\" \/>\n<meta property=\"og:description\" content=\"Inspiracije Oglejte si najnovej\u0161e kolekcije tkanin, ki so predstavljene v harmoni\u010dnih, dinami\u010dnih in v\u010dasih ekstravagantnih kombinacijah. Bodite navdihnjeni!\" \/>\n<meta property=\"og:url\" content=\"https:\/\/www.mercis.si\/sl\/mood-boards\/\" \/>\n<meta property=\"og:site_name\" content=\"MERCIS\" \/>\n<meta property=\"article:modified_time\" content=\"2024-05-24T20:00:32+00:00\" \/>\n<meta name=\"twitter:card\" content=\"summary_large_image\" \/>\n<meta name=\"twitter:label1\" content=\"Est. reading time\" \/>\n\t<meta name=\"twitter:data1\" content=\"1 minuta\" \/>\n<script type=\"application\/ld+json\" class=\"yoast-schema-graph\">{\"@context\":\"https:\\\/\\\/schema.org\",\"@graph\":[{\"@type\":\"WebPage\",\"@id\":\"https:\\\/\\\/www.mercis.si\\\/sl\\\/mood-boards\\\/\",\"url\":\"https:\\\/\\\/www.mercis.si\\\/sl\\\/mood-boards\\\/\",\"name\":\"Mood Boards - MERCIS\",\"isPartOf\":{\"@id\":\"https:\\\/\\\/www.mercis.si\\\/sl\\\/#website\"},\"datePublished\":\"2018-03-05T23:01:58+00:00\",\"dateModified\":\"2024-05-24T20:00:32+00:00\",\"breadcrumb\":{\"@id\":\"https:\\\/\\\/www.mercis.si\\\/sl\\\/mood-boards\\\/#breadcrumb\"},\"inLanguage\":\"sl-SI\",\"potentialAction\":[{\"@type\":\"ReadAction\",\"target\":[\"https:\\\/\\\/www.mercis.si\\\/sl\\\/mood-boards\\\/\"]}]},{\"@type\":\"BreadcrumbList\",\"@id\":\"https:\\\/\\\/www.mercis.si\\\/sl\\\/mood-boards\\\/#breadcrumb\",\"itemListElement\":[{\"@type\":\"ListItem\",\"position\":1,\"name\":\"Home\",\"item\":\"https:\\\/\\\/www.mercis.si\\\/sl\\\/\"},{\"@type\":\"ListItem\",\"position\":2,\"name\":\"Mood Boards\"}]},{\"@type\":\"WebSite\",\"@id\":\"https:\\\/\\\/www.mercis.si\\\/sl\\\/#website\",\"url\":\"https:\\\/\\\/www.mercis.si\\\/sl\\\/\",\"name\":\"MERCIS\",\"description\":\"Fabrics &amp; Leathers\",\"publisher\":{\"@id\":\"https:\\\/\\\/www.mercis.si\\\/sl\\\/#organization\"},\"potentialAction\":[{\"@type\":\"SearchAction\",\"target\":{\"@type\":\"EntryPoint\",\"urlTemplate\":\"https:\\\/\\\/www.mercis.si\\\/sl\\\/?s={search_term_string}\"},\"query-input\":{\"@type\":\"PropertyValueSpecification\",\"valueRequired\":true,\"valueName\":\"search_term_string\"}}],\"inLanguage\":\"sl-SI\"},{\"@type\":\"Organization\",\"@id\":\"https:\\\/\\\/www.mercis.si\\\/sl\\\/#organization\",\"name\":\"MERCIS\",\"url\":\"https:\\\/\\\/www.mercis.si\\\/sl\\\/\",\"logo\":{\"@type\":\"ImageObject\",\"inLanguage\":\"sl-SI\",\"@id\":\"https:\\\/\\\/www.mercis.si\\\/sl\\\/#\\\/schema\\\/logo\\\/image\\\/\",\"url\":\"https:\\\/\\\/www.mercis.si\\\/wp-content\\\/uploads\\\/2018\\\/03\\\/mercis_logo.png\",\"contentUrl\":\"https:\\\/\\\/www.mercis.si\\\/wp-content\\\/uploads\\\/2018\\\/03\\\/mercis_logo.png\",\"width\":143,\"height\":27,\"caption\":\"MERCIS\"},\"image\":{\"@id\":\"https:\\\/\\\/www.mercis.si\\\/sl\\\/#\\\/schema\\\/logo\\\/image\\\/\"}}]}<\/script>\n<!-- \/ Yoast SEO plugin. -->","yoast_head_json":{"title":"Mood Boards - MERCIS","robots":{"index":"index","follow":"follow","max-snippet":"max-snippet:-1","max-image-preview":"max-image-preview:large","max-video-preview":"max-video-preview:-1"},"canonical":"https:\/\/www.mercis.si\/sl\/mood-boards\/","og_locale":"sl_SI","og_type":"article","og_title":"Mood Boards - MERCIS","og_description":"Inspiracije Oglejte si najnovej\u0161e kolekcije tkanin, ki so predstavljene v harmoni\u010dnih, dinami\u010dnih in v\u010dasih ekstravagantnih kombinacijah. Bodite navdihnjeni!","og_url":"https:\/\/www.mercis.si\/sl\/mood-boards\/","og_site_name":"MERCIS","article_modified_time":"2024-05-24T20:00:32+00:00","twitter_card":"summary_large_image","twitter_misc":{"Est. reading time":"1 minuta"},"schema":{"@context":"https:\/\/schema.org","@graph":[{"@type":"WebPage","@id":"https:\/\/www.mercis.si\/sl\/mood-boards\/","url":"https:\/\/www.mercis.si\/sl\/mood-boards\/","name":"Mood Boards - MERCIS","isPartOf":{"@id":"https:\/\/www.mercis.si\/sl\/#website"},"datePublished":"2018-03-05T23:01:58+00:00","dateModified":"2024-05-24T20:00:32+00:00","breadcrumb":{"@id":"https:\/\/www.mercis.si\/sl\/mood-boards\/#breadcrumb"},"inLanguage":"sl-SI","potentialAction":[{"@type":"ReadAction","target":["https:\/\/www.mercis.si\/sl\/mood-boards\/"]}]},{"@type":"BreadcrumbList","@id":"https:\/\/www.mercis.si\/sl\/mood-boards\/#breadcrumb","itemListElement":[{"@type":"ListItem","position":1,"name":"Home","item":"https:\/\/www.mercis.si\/sl\/"},{"@type":"ListItem","position":2,"name":"Mood Boards"}]},{"@type":"WebSite","@id":"https:\/\/www.mercis.si\/sl\/#website","url":"https:\/\/www.mercis.si\/sl\/","name":"MERCIS","description":"Fabrics &amp; Leathers","publisher":{"@id":"https:\/\/www.mercis.si\/sl\/#organization"},"potentialAction":[{"@type":"SearchAction","target":{"@type":"EntryPoint","urlTemplate":"https:\/\/www.mercis.si\/sl\/?s={search_term_string}"},"query-input":{"@type":"PropertyValueSpecification","valueRequired":true,"valueName":"search_term_string"}}],"inLanguage":"sl-SI"},{"@type":"Organization","@id":"https:\/\/www.mercis.si\/sl\/#organization","name":"MERCIS","url":"https:\/\/www.mercis.si\/sl\/","logo":{"@type":"ImageObject","inLanguage":"sl-SI","@id":"https:\/\/www.mercis.si\/sl\/#\/schema\/logo\/image\/","url":"https:\/\/www.mercis.si\/wp-content\/uploads\/2018\/03\/mercis_logo.png","contentUrl":"https:\/\/www.mercis.si\/wp-content\/uploads\/2018\/03\/mercis_logo.png","width":143,"height":27,"caption":"MERCIS"},"image":{"@id":"https:\/\/www.mercis.si\/sl\/#\/schema\/logo\/image\/"}}]}},"_links":{"self":[{"href":"https:\/\/www.mercis.si\/sl\/wp-json\/wp\/v2\/pages\/15475","targetHints":{"allow":["GET"]}}],"collection":[{"href":"https:\/\/www.mercis.si\/sl\/wp-json\/wp\/v2\/pages"}],"about":[{"href":"https:\/\/www.mercis.si\/sl\/wp-json\/wp\/v2\/types\/page"}],"author":[{"embeddable":true,"href":"https:\/\/www.mercis.si\/sl\/wp-json\/wp\/v2\/users\/1"}],"replies":[{"embeddable":true,"href":"https:\/\/www.mercis.si\/sl\/wp-json\/wp\/v2\/comments?post=15475"}],"version-history":[{"count":5,"href":"https:\/\/www.mercis.si\/sl\/wp-json\/wp\/v2\/pages\/15475\/revisions"}],"predecessor-version":[{"id":42574,"href":"https:\/\/www.mercis.si\/sl\/wp-json\/wp\/v2\/pages\/15475\/revisions\/42574"}],"wp:attachment":[{"href":"https:\/\/www.mercis.si\/sl\/wp-json\/wp\/v2\/media?parent=15475"}],"curies":[{"name":"wp","href":"https:\/\/api.w.org\/{rel}","templated":true}]}}