{"id":17470,"date":"2019-12-03T17:57:42","date_gmt":"2019-12-03T16:57:42","guid":{"rendered":"https:\/\/www.mercis.si\/stik-z-nami\/"},"modified":"2025-05-14T14:37:50","modified_gmt":"2025-05-14T12:37:50","slug":"stik-z-nami","status":"publish","type":"page","link":"https:\/\/www.mercis.si\/sl\/stik-z-nami\/","title":{"rendered":"Stik z nami"},"content":{"rendered":"<p>[et_pb_section fb_built=&#8221;1&#8243; _builder_version=&#8221;4.16&#8243; global_colors_info=&#8221;{}&#8221;][et_pb_row _builder_version=&#8221;4.16&#8243; background_size=&#8221;initial&#8221; background_position=&#8221;top_left&#8221; background_repeat=&#8221;repeat&#8221; locked=&#8221;off&#8221; global_colors_info=&#8221;{}&#8221;][et_pb_column type=&#8221;4_4&#8243; _builder_version=&#8221;4.16&#8243; custom_padding=&#8221;|||&#8221; global_colors_info=&#8221;{}&#8221; custom_padding__hover=&#8221;|||&#8221;][et_pb_text admin_label=&#8221;We&#8217;re here for you&#8221; _builder_version=&#8221;4.16&#8243; text_font_size=&#8221;16px&#8221; text_line_height=&#8221;1.5em&#8221; header_font_size=&#8221;40px&#8221; background_size=&#8221;initial&#8221; background_position=&#8221;top_left&#8221; background_repeat=&#8221;repeat&#8221; border_color_all=&#8221;#ffffff&#8221; use_border_color=&#8221;off&#8221; global_colors_info=&#8221;{}&#8221;]<\/p>\n<h1>Tu smo za vas<\/h1>\n<p>Na\u0161e izdelke in kolekcije si lahko ogledate ali jih kupite na sede\u017eu podjetja v industrijski coni na Puchovi ulici 3 v Zgornjih Jar\u0161ah pri Radomljah ali v na\u0161ih poslovalnicah. Prav tako ste vljudno vabljeni, da izpolnite spodnji obrazec.<br \/>\n[\/et_pb_text][et_pb_divider show_divider=&#8221;off&#8221; _builder_version=&#8221;4.16&#8243; height=&#8221;20px&#8221; global_colors_info=&#8221;{}&#8221;][\/et_pb_divider][\/et_pb_column][\/et_pb_row][et_pb_row column_structure=&#8221;3_4,1_4&#8243; _builder_version=&#8221;4.16&#8243; global_colors_info=&#8221;{}&#8221;][et_pb_column type=&#8221;3_4&#8243; _builder_version=&#8221;4.16&#8243; global_colors_info=&#8221;{}&#8221;][et_pb_contact_form email=&#8221;mercis@mercis.si&#8221; title=&#8221;Obrazec za stik&#8221; custom_message=&#8221;Message from mercis.si website||et_pb_line_break_holder||&#8212;&#8212;&#8212;&#8212;&#8212;||et_pb_line_break_holder||From: %%Name%% %%Surname%%||et_pb_line_break_holder||Email Address: %%Email%%||et_pb_line_break_holder||Phone: %%Phone%%||et_pb_line_break_holder||Company or individual: %%Whoareyou%%||et_pb_line_break_holder||Company: %%Company%%||et_pb_line_break_holder||Postal Code, City: %%Postal%% %%City%%||et_pb_line_break_holder||Country: %%Country%%||et_pb_line_break_holder||&#8212;&#8212;&#8212;&#8212;&#8212;||et_pb_line_break_holder||Message:||et_pb_line_break_holder||%%Message%%||et_pb_line_break_holder||&#8212;&#8212;&#8212;&#8212;&#8212;&#8221; success_message=&#8221;Spo\u0161tovani, hvala, ker ste nam poslali povpra\u0161evanje. Potrudili se bomo, da bomo odgovorili v najkraj\u0161em mo\u017enem \u010dasu.&#8221; _builder_version=&#8221;4.27.4&#8243; _unique_id=&#8221;9a091e91-09d3-48f4-818b-7644edf68197&#8243; hover_enabled=&#8221;0&#8243; custom_css_free_form=&#8221;.et_pb_contact_form_checkbox .et_pb_contact_form_label {||\tdisplay: none !important;||}&#8221; global_colors_info=&#8221;{}&#8221; sticky_enabled=&#8221;0&#8243;][et_pb_contact_field field_id=&#8221;Name&#8221; field_title=&#8221;Ime*&#8221; _builder_version=&#8221;4.16&#8243; global_colors_info=&#8221;{}&#8221; button_text_size__hover_enabled=&#8221;off&#8221; button_one_text_size__hover_enabled=&#8221;off&#8221; button_two_text_size__hover_enabled=&#8221;off&#8221; button_text_color__hover_enabled=&#8221;off&#8221; button_one_text_color__hover_enabled=&#8221;off&#8221; button_two_text_color__hover_enabled=&#8221;off&#8221; button_border_width__hover_enabled=&#8221;off&#8221; button_one_border_width__hover_enabled=&#8221;off&#8221; button_two_border_width__hover_enabled=&#8221;off&#8221; button_border_color__hover_enabled=&#8221;off&#8221; button_one_border_color__hover_enabled=&#8221;off&#8221; button_two_border_color__hover_enabled=&#8221;off&#8221; button_border_radius__hover_enabled=&#8221;off&#8221; button_one_border_radius__hover_enabled=&#8221;off&#8221; button_two_border_radius__hover_enabled=&#8221;off&#8221; button_letter_spacing__hover_enabled=&#8221;off&#8221; button_one_letter_spacing__hover_enabled=&#8221;off&#8221; button_two_letter_spacing__hover_enabled=&#8221;off&#8221; button_bg_color__hover_enabled=&#8221;off&#8221; button_one_bg_color__hover_enabled=&#8221;off&#8221; button_two_bg_color__hover_enabled=&#8221;off&#8221;][\/et_pb_contact_field][et_pb_contact_field field_id=&#8221;Surname&#8221; field_title=&#8221;Priimek*&#8221; _builder_version=&#8221;4.16&#8243; global_colors_info=&#8221;{}&#8221;][\/et_pb_contact_field][et_pb_contact_field field_id=&#8221;Whoareyou&#8221; field_title=&#8221;Kaj ste?*&#8221; field_type=&#8221;radio&#8221; radio_options=&#8221;%91{%22value%22:%22Podjetje%22,%22checked%22:0,%22dragID%22:-1},{%22value%22:%22Oseba%22,%22checked%22:0,%22dragID%22:0}%93&#8243; _builder_version=&#8221;4.27.4&#8243; hover_enabled=&#8221;0&#8243; global_colors_info=&#8221;{}&#8221; sticky_enabled=&#8221;0&#8243;][\/et_pb_contact_field][et_pb_contact_field field_id=&#8221;Company&#8221; field_title=&#8221;Ime podjetja&#8221; required_mark=&#8221;off&#8221; conditional_logic=&#8221;on&#8221; conditional_logic_rules=&#8221;%91{%22field%22:%22whoareyou%22,%22condition%22:%22is%22,%22value%22:%22Podjetje%22}%93&#8243; _builder_version=&#8221;4.27.4&#8243; hover_enabled=&#8221;0&#8243; global_colors_info=&#8221;{}&#8221; sticky_enabled=&#8221;0&#8243;][\/et_pb_contact_field][et_pb_contact_field field_id=&#8221;Email&#8221; field_title=&#8221;E-naslov*&#8221; field_type=&#8221;email&#8221; _builder_version=&#8221;4.16&#8243; global_colors_info=&#8221;{}&#8221; button_text_size__hover_enabled=&#8221;off&#8221; button_one_text_size__hover_enabled=&#8221;off&#8221; button_two_text_size__hover_enabled=&#8221;off&#8221; button_text_color__hover_enabled=&#8221;off&#8221; button_one_text_color__hover_enabled=&#8221;off&#8221; button_two_text_color__hover_enabled=&#8221;off&#8221; button_border_width__hover_enabled=&#8221;off&#8221; button_one_border_width__hover_enabled=&#8221;off&#8221; button_two_border_width__hover_enabled=&#8221;off&#8221; button_border_color__hover_enabled=&#8221;off&#8221; button_one_border_color__hover_enabled=&#8221;off&#8221; button_two_border_color__hover_enabled=&#8221;off&#8221; button_border_radius__hover_enabled=&#8221;off&#8221; button_one_border_radius__hover_enabled=&#8221;off&#8221; button_two_border_radius__hover_enabled=&#8221;off&#8221; button_letter_spacing__hover_enabled=&#8221;off&#8221; button_one_letter_spacing__hover_enabled=&#8221;off&#8221; button_two_letter_spacing__hover_enabled=&#8221;off&#8221; button_bg_color__hover_enabled=&#8221;off&#8221; button_one_bg_color__hover_enabled=&#8221;off&#8221; button_two_bg_color__hover_enabled=&#8221;off&#8221;][\/et_pb_contact_field][et_pb_contact_field field_id=&#8221;Phone&#8221; field_title=&#8221;Telefon*&#8221; _builder_version=&#8221;4.16&#8243; global_colors_info=&#8221;{}&#8221;][\/et_pb_contact_field][et_pb_contact_field field_id=&#8221;Postal&#8221; field_title=&#8221;Po\u0161tna \u0161tevilka*&#8221; _builder_version=&#8221;4.16&#8243; global_colors_info=&#8221;{}&#8221;][\/et_pb_contact_field][et_pb_contact_field field_id=&#8221;City&#8221; field_title=&#8221;Kraj*&#8221; _builder_version=&#8221;4.16&#8243; global_colors_info=&#8221;{}&#8221;][\/et_pb_contact_field][et_pb_contact_field field_id=&#8221;Country&#8221; field_title=&#8221;Dr\u017eava*&#8221; fullwidth_field=&#8221;on&#8221; _builder_version=&#8221;4.16&#8243; global_colors_info=&#8221;{}&#8221;][\/et_pb_contact_field][et_pb_contact_field field_id=&#8221;Message&#8221; field_title=&#8221;Va\u0161e sporo\u010dilo*&#8221; field_type=&#8221;text&#8221; fullwidth_field=&#8221;on&#8221; _builder_version=&#8221;4.16&#8243; global_colors_info=&#8221;{}&#8221; button_text_size__hover_enabled=&#8221;off&#8221; button_one_text_size__hover_enabled=&#8221;off&#8221; button_two_text_size__hover_enabled=&#8221;off&#8221; button_text_color__hover_enabled=&#8221;off&#8221; button_one_text_color__hover_enabled=&#8221;off&#8221; button_two_text_color__hover_enabled=&#8221;off&#8221; button_border_width__hover_enabled=&#8221;off&#8221; button_one_border_width__hover_enabled=&#8221;off&#8221; button_two_border_width__hover_enabled=&#8221;off&#8221; button_border_color__hover_enabled=&#8221;off&#8221; button_one_border_color__hover_enabled=&#8221;off&#8221; button_two_border_color__hover_enabled=&#8221;off&#8221; button_border_radius__hover_enabled=&#8221;off&#8221; button_one_border_radius__hover_enabled=&#8221;off&#8221; button_two_border_radius__hover_enabled=&#8221;off&#8221; button_letter_spacing__hover_enabled=&#8221;off&#8221; button_one_letter_spacing__hover_enabled=&#8221;off&#8221; button_two_letter_spacing__hover_enabled=&#8221;off&#8221; button_bg_color__hover_enabled=&#8221;off&#8221; button_one_bg_color__hover_enabled=&#8221;off&#8221; button_two_bg_color__hover_enabled=&#8221;off&#8221;][\/et_pb_contact_field][et_pb_contact_field field_id=&#8221;Privacy&#8221; field_title=&#8221; &#8221; field_type=&#8221;checkbox&#8221; checkbox_options=&#8221;%91{%22value%22:%22I agree to the processing of my personal data for the purpose of establishing contact with me.%22,%22checked%22:0,%22dragID%22:-1,%22link_url%22:%22%22,%22link_text%22:%22%22}%93&#8243; fullwidth_field=&#8221;on&#8221; _builder_version=&#8221;4.25.1&#8243; _module_preset=&#8221;default&#8221; global_colors_info=&#8221;{}&#8221;][\/et_pb_contact_field][\/et_pb_contact_form][et_pb_text admin_label=&#8221;Privacy Statement&#8221; _builder_version=&#8221;4.25.1&#8243; _module_preset=&#8221;default&#8221; global_colors_info=&#8221;{}&#8221;]Va\u0161e osebne podatke bomo uporabljali zaupno in izklju\u010dno za namen, za katerega smo pridobili va\u0161o privolitev, ter jih ne bomo posredovali tretjim osebam. Va\u0161o zasebnost obravnavamo v skladu z dolo\u010dili Splo\u0161ne uredbe o varstvu podatkov in Zakonom o varstvu osebnih podatkov (ZVOP-2). Ve\u010d informacij o zbiranju, obdelavi in varovanju osebnih podatkov si lahko preberite v na\u0161i <a href=\"https:\/\/www.mercis.si\/sl\/politika-zasebnosti\/\" target=\"_blank\" rel=\"noopener\">Politiki zasebnosti<\/a>.[\/et_pb_text][\/et_pb_column][et_pb_column type=&#8221;1_4&#8243; _builder_version=&#8221;4.16&#8243; global_colors_info=&#8221;{}&#8221;][et_pb_text admin_label=&#8221;Slovenia&#8221; _builder_version=&#8221;4.27.0&#8243; header_4_font=&#8221;|||on|||||&#8221; background_size=&#8221;initial&#8221; background_position=&#8221;top_left&#8221; background_repeat=&#8221;repeat&#8221; z_index_tablet=&#8221;500&#8243; text_text_shadow_horizontal_length_tablet=&#8221;0px&#8221; text_text_shadow_vertical_length_tablet=&#8221;0px&#8221; text_text_shadow_blur_strength_tablet=&#8221;1px&#8221; link_text_shadow_horizontal_length_tablet=&#8221;0px&#8221; link_text_shadow_vertical_length_tablet=&#8221;0px&#8221; link_text_shadow_blur_strength_tablet=&#8221;1px&#8221; ul_text_shadow_horizontal_length_tablet=&#8221;0px&#8221; ul_text_shadow_vertical_length_tablet=&#8221;0px&#8221; ul_text_shadow_blur_strength_tablet=&#8221;1px&#8221; ol_text_shadow_horizontal_length_tablet=&#8221;0px&#8221; ol_text_shadow_vertical_length_tablet=&#8221;0px&#8221; ol_text_shadow_blur_strength_tablet=&#8221;1px&#8221; quote_text_shadow_horizontal_length_tablet=&#8221;0px&#8221; quote_text_shadow_vertical_length_tablet=&#8221;0px&#8221; quote_text_shadow_blur_strength_tablet=&#8221;1px&#8221; header_text_shadow_horizontal_length_tablet=&#8221;0px&#8221; header_text_shadow_vertical_length_tablet=&#8221;0px&#8221; header_text_shadow_blur_strength_tablet=&#8221;1px&#8221; header_2_text_shadow_horizontal_length_tablet=&#8221;0px&#8221; header_2_text_shadow_vertical_length_tablet=&#8221;0px&#8221; header_2_text_shadow_blur_strength_tablet=&#8221;1px&#8221; header_3_text_shadow_horizontal_length_tablet=&#8221;0px&#8221; header_3_text_shadow_vertical_length_tablet=&#8221;0px&#8221; header_3_text_shadow_blur_strength_tablet=&#8221;1px&#8221; header_4_text_shadow_horizontal_length_tablet=&#8221;0px&#8221; header_4_text_shadow_vertical_length_tablet=&#8221;0px&#8221; header_4_text_shadow_blur_strength_tablet=&#8221;1px&#8221; header_5_text_shadow_horizontal_length_tablet=&#8221;0px&#8221; header_5_text_shadow_vertical_length_tablet=&#8221;0px&#8221; header_5_text_shadow_blur_strength_tablet=&#8221;1px&#8221; header_6_text_shadow_horizontal_length_tablet=&#8221;0px&#8221; header_6_text_shadow_vertical_length_tablet=&#8221;0px&#8221; header_6_text_shadow_blur_strength_tablet=&#8221;1px&#8221; box_shadow_horizontal_tablet=&#8221;0px&#8221; box_shadow_vertical_tablet=&#8221;0px&#8221; box_shadow_blur_tablet=&#8221;40px&#8221; box_shadow_spread_tablet=&#8221;0px&#8221; use_border_color=&#8221;off&#8221; locked=&#8221;off&#8221; global_colors_info=&#8221;{}&#8221;]<\/p>\n<h4 style=\"font-weight: 400;\">Slovenija<\/h4>\n<p>MERCIS, d.o.o.<br \/>\nPuchova ulica 3<br \/>\nSI-1235 Radomlje<br \/>\nTel. +386 1 470 07 00[\/et_pb_text][et_pb_text admin_label=&#8221;Croatia&#8221; _builder_version=&#8221;4.27.0&#8243; header_4_font=&#8221;|||on|||||&#8221; background_size=&#8221;initial&#8221; background_position=&#8221;top_left&#8221; background_repeat=&#8221;repeat&#8221; use_border_color=&#8221;off&#8221; locked=&#8221;off&#8221; global_colors_info=&#8221;{}&#8221;]<\/p>\n<h4 style=\"font-weight: 400;\">Hrva\u0161ka<\/h4>\n<p>MERCIS trgovina, d.o.o.<br \/>\nSamoborska 228<br \/>\nHR-10000 Zagreb<br \/>\nTel. +385 1 347 51 23[\/et_pb_text][et_pb_text admin_label=&#8221;Serbia&#8221; _builder_version=&#8221;4.27.0&#8243; header_4_font=&#8221;|||on|||||&#8221; background_size=&#8221;initial&#8221; background_position=&#8221;top_left&#8221; background_repeat=&#8221;repeat&#8221; use_border_color=&#8221;off&#8221; locked=&#8221;off&#8221; global_colors_info=&#8221;{}&#8221;]<\/p>\n<h4 style=\"font-weight: 400;\">Srbija in \u010crna Gora<\/h4>\n<p>MERCIS dekor, d.o.o.<br \/>\nFabrisova br. 8<br \/>\nRS-11000 Beograd<br \/>\nTel. +381 11 369 93 37[\/et_pb_text][et_pb_text admin_label=&#8221;Italy&#8221; _builder_version=&#8221;4.27.0&#8243; header_4_font=&#8221;|||on|||||&#8221; background_size=&#8221;initial&#8221; background_position=&#8221;top_left&#8221; background_repeat=&#8221;repeat&#8221; use_border_color=&#8221;off&#8221; locked=&#8221;off&#8221; global_colors_info=&#8221;{}&#8221;]<\/p>\n<h4 style=\"font-weight: 400;\">Italija<\/h4>\n<p>MERCIS Italia S.R.L.<br \/>\nVia Del Santo 2\/D<br \/>\nPD-35010 Limena<br \/>\nTel. +39 392 355 26 56[\/et_pb_text][\/et_pb_column][\/et_pb_row][et_pb_row padding_mobile=&#8221;off&#8221; column_padding_mobile=&#8221;on&#8221; disabled_on=&#8221;off|off|off&#8221; _builder_version=&#8221;4.16&#8243; background_size=&#8221;initial&#8221; background_position=&#8221;top_left&#8221; background_repeat=&#8221;repeat&#8221; make_fullwidth=&#8221;off&#8221; use_custom_width=&#8221;off&#8221; width_unit=&#8221;on&#8221; locked=&#8221;off&#8221; global_colors_info=&#8221;{}&#8221;][et_pb_column type=&#8221;4_4&#8243; _builder_version=&#8221;4.16&#8243; custom_padding=&#8221;|||&#8221; global_colors_info=&#8221;{}&#8221; custom_padding__hover=&#8221;|||&#8221;][et_pb_divider show_divider=&#8221;off&#8221; disabled_on=&#8221;off&#8221; _builder_version=&#8221;4.16&#8243; height=&#8221;20px&#8221; global_colors_info=&#8221;{}&#8221;][\/et_pb_divider][et_pb_map zoom_level=&#8221;7&#8243; address_lat=&#8221;45.33487257743226&#8243; address_lng=&#8221;16.05043771250007&#8243; use_grayscale_filter=&#8221;on&#8221; _builder_version=&#8221;4.22.2&#8243; child_filter_saturate=&#8221;20%&#8221; global_colors_info=&#8221;{}&#8221;][et_pb_map_pin title=&#8221;Uprava&#8221; pin_address=&#8221;Puchova ulica 3, 1235 Radomlje, Slovenija&#8221; pin_address_lat=&#8221;46.1628121&#8243; pin_address_lng=&#8221;14.60024240000007&#8243; _builder_version=&#8221;3.0.105&#8243; global_colors_info=&#8221;{}&#8221;]MERCIS d.o.o.<br \/>\nPuchova ulica 3<br \/>\nSI-1235 Radomlje<\/p>\n<p><a href=\"https:\/\/goo.gl\/maps\/Um58CX4AEp62\" target=\"_blank\" rel=\"noopener noreferrer\"><strong>\u2192&nbsp;Navodila za pot<\/strong><\/a><br \/>\n[\/et_pb_map_pin][et_pb_map_pin title=&#8221;Hrva\u0161ka&#8221; pin_address=&#8221;Samoborska cesta 228, 10000, Zagreb, Croatia&#8221; pin_address_lat=&#8221;45.8123122&#8243; pin_address_lng=&#8221;15.86690939999994&#8243; _builder_version=&#8221;3.0.105&#8243; global_colors_info=&#8221;{}&#8221;]MERCIS trgovina, d.o.o.<br \/>\nSamoborska cesta 228<br \/>\nHR-10000 Zagreb<\/p>\n<p><a href=\"https:\/\/goo.gl\/maps\/NhyYHrULurK2\" target=\"_blank\" rel=\"noopener noreferrer\"><strong>\u2192&nbsp;Navodila za pot<\/strong><\/a><br \/>\n[\/et_pb_map_pin][et_pb_map_pin title=&#8221;Srbija in \u010crna Gora&#8221; pin_address=&#8221;Fabrisova, Beograd, Serbia&#8221; pin_address_lat=&#8221;44.793171&#8243; pin_address_lng=&#8221;20.46090300000003&#8243; _builder_version=&#8221;4.0.9&#8243; global_colors_info=&#8221;{}&#8221;]MERCIS dekor, d.o.o.<br \/>\nFabrisova br. 8<br \/>\nRS-11000 Beograd<\/p>\n<p><a href=\"https:\/\/goo.gl\/maps\/NJQiokeyEkv\" target=\"_blank\" rel=\"noopener noreferrer\"><strong>\u2192&nbsp;Navodila za pot<\/strong><\/a>[\/et_pb_map_pin][et_pb_map_pin title=&#8221;Italija&#8221; pin_address=&#8221;Via del Santo, 2, 35010 Limena PD, Italy&#8221; pin_address_lat=&#8221;45.47606380000001&#8243; pin_address_lng=&#8221;11.846359699999994&#8243; _builder_version=&#8221;4.22.2&#8243; global_colors_info=&#8221;{}&#8221;]MERCIS Italia S.R.L.<br \/>\nVia Del Santo 2\/D<br \/>\nPD-35010 Limena<\/p>\n<p><a href=\"https:\/\/goo.gl\/maps\/RtvEsq5BP1A2\" target=\"_blank\" rel=\"noopener noreferrer\"><strong>\u2192&nbsp;Navodila za pot<\/strong><\/a>[\/et_pb_map_pin][\/et_pb_map][\/et_pb_column][\/et_pb_row][\/et_pb_section]<\/p>\n","protected":false},"excerpt":{"rendered":"<p>Tu smo za vas Na\u0161e izdelke in kolekcije si lahko ogledate ali jih kupite na sede\u017eu podjetja v industrijski coni na Puchovi ulici 3 v Zgornjih Jar\u0161ah pri Radomljah ali v na\u0161ih poslovalnicah. Prav tako ste vljudno vabljeni, da izpolnite spodnji obrazec. Va\u0161e osebne podatke bomo uporabljali zaupno in izklju\u010dno za namen, za katerega smo [&hellip;]<\/p>\n","protected":false},"author":1,"featured_media":0,"parent":0,"menu_order":8,"comment_status":"closed","ping_status":"closed","template":"","meta":{"_acf_changed":false,"_et_pb_use_builder":"on","_et_pb_old_content":"","_et_gb_content_width":"","footnotes":""},"class_list":["post-17470","page","type-page","status-publish","hentry"],"acf":[],"yoast_head":"<!-- This site is optimized with the Yoast SEO plugin v27.5 - https:\/\/yoast.com\/product\/yoast-seo-wordpress\/ -->\n<title>Stik z nami - MERCIS<\/title>\n<meta name=\"robots\" content=\"index, follow, max-snippet:-1, max-image-preview:large, max-video-preview:-1\" \/>\n<link rel=\"canonical\" href=\"https:\/\/www.mercis.si\/sl\/stik-z-nami\/\" \/>\n<meta property=\"og:locale\" content=\"sl_SI\" \/>\n<meta property=\"og:type\" content=\"article\" \/>\n<meta property=\"og:title\" content=\"Stik z nami - MERCIS\" \/>\n<meta property=\"og:description\" content=\"Tu smo za vas Na\u0161e izdelke in kolekcije si lahko ogledate ali jih kupite na sede\u017eu podjetja v industrijski coni na Puchovi ulici 3 v Zgornjih Jar\u0161ah pri Radomljah ali v na\u0161ih poslovalnicah. Prav tako ste vljudno vabljeni, da izpolnite spodnji obrazec. Va\u0161e osebne podatke bomo uporabljali zaupno in izklju\u010dno za namen, za katerega smo [&hellip;]\" \/>\n<meta property=\"og:url\" content=\"https:\/\/www.mercis.si\/sl\/stik-z-nami\/\" \/>\n<meta property=\"og:site_name\" content=\"MERCIS\" \/>\n<meta property=\"article:modified_time\" content=\"2025-05-14T12:37:50+00:00\" \/>\n<meta name=\"twitter:card\" content=\"summary_large_image\" \/>\n<meta name=\"twitter:label1\" content=\"Est. reading time\" \/>\n\t<meta name=\"twitter:data1\" content=\"2 minuti\" \/>\n<script type=\"application\/ld+json\" class=\"yoast-schema-graph\">{\"@context\":\"https:\\\/\\\/schema.org\",\"@graph\":[{\"@type\":\"WebPage\",\"@id\":\"https:\\\/\\\/www.mercis.si\\\/sl\\\/stik-z-nami\\\/\",\"url\":\"https:\\\/\\\/www.mercis.si\\\/sl\\\/stik-z-nami\\\/\",\"name\":\"Stik z nami - MERCIS\",\"isPartOf\":{\"@id\":\"https:\\\/\\\/www.mercis.si\\\/sl\\\/#website\"},\"datePublished\":\"2019-12-03T16:57:42+00:00\",\"dateModified\":\"2025-05-14T12:37:50+00:00\",\"breadcrumb\":{\"@id\":\"https:\\\/\\\/www.mercis.si\\\/sl\\\/stik-z-nami\\\/#breadcrumb\"},\"inLanguage\":\"sl-SI\",\"potentialAction\":[{\"@type\":\"ReadAction\",\"target\":[\"https:\\\/\\\/www.mercis.si\\\/sl\\\/stik-z-nami\\\/\"]}]},{\"@type\":\"BreadcrumbList\",\"@id\":\"https:\\\/\\\/www.mercis.si\\\/sl\\\/stik-z-nami\\\/#breadcrumb\",\"itemListElement\":[{\"@type\":\"ListItem\",\"position\":1,\"name\":\"Home\",\"item\":\"https:\\\/\\\/www.mercis.si\\\/sl\\\/\"},{\"@type\":\"ListItem\",\"position\":2,\"name\":\"Stik z nami\"}]},{\"@type\":\"WebSite\",\"@id\":\"https:\\\/\\\/www.mercis.si\\\/sl\\\/#website\",\"url\":\"https:\\\/\\\/www.mercis.si\\\/sl\\\/\",\"name\":\"MERCIS\",\"description\":\"Fabrics &amp; Leathers\",\"publisher\":{\"@id\":\"https:\\\/\\\/www.mercis.si\\\/sl\\\/#organization\"},\"potentialAction\":[{\"@type\":\"SearchAction\",\"target\":{\"@type\":\"EntryPoint\",\"urlTemplate\":\"https:\\\/\\\/www.mercis.si\\\/sl\\\/?s={search_term_string}\"},\"query-input\":{\"@type\":\"PropertyValueSpecification\",\"valueRequired\":true,\"valueName\":\"search_term_string\"}}],\"inLanguage\":\"sl-SI\"},{\"@type\":\"Organization\",\"@id\":\"https:\\\/\\\/www.mercis.si\\\/sl\\\/#organization\",\"name\":\"MERCIS\",\"url\":\"https:\\\/\\\/www.mercis.si\\\/sl\\\/\",\"logo\":{\"@type\":\"ImageObject\",\"inLanguage\":\"sl-SI\",\"@id\":\"https:\\\/\\\/www.mercis.si\\\/sl\\\/#\\\/schema\\\/logo\\\/image\\\/\",\"url\":\"https:\\\/\\\/www.mercis.si\\\/wp-content\\\/uploads\\\/2018\\\/03\\\/mercis_logo.png\",\"contentUrl\":\"https:\\\/\\\/www.mercis.si\\\/wp-content\\\/uploads\\\/2018\\\/03\\\/mercis_logo.png\",\"width\":143,\"height\":27,\"caption\":\"MERCIS\"},\"image\":{\"@id\":\"https:\\\/\\\/www.mercis.si\\\/sl\\\/#\\\/schema\\\/logo\\\/image\\\/\"}}]}<\/script>\n<!-- \/ Yoast SEO plugin. -->","yoast_head_json":{"title":"Stik z nami - MERCIS","robots":{"index":"index","follow":"follow","max-snippet":"max-snippet:-1","max-image-preview":"max-image-preview:large","max-video-preview":"max-video-preview:-1"},"canonical":"https:\/\/www.mercis.si\/sl\/stik-z-nami\/","og_locale":"sl_SI","og_type":"article","og_title":"Stik z nami - MERCIS","og_description":"Tu smo za vas Na\u0161e izdelke in kolekcije si lahko ogledate ali jih kupite na sede\u017eu podjetja v industrijski coni na Puchovi ulici 3 v Zgornjih Jar\u0161ah pri Radomljah ali v na\u0161ih poslovalnicah. Prav tako ste vljudno vabljeni, da izpolnite spodnji obrazec. Va\u0161e osebne podatke bomo uporabljali zaupno in izklju\u010dno za namen, za katerega smo [&hellip;]","og_url":"https:\/\/www.mercis.si\/sl\/stik-z-nami\/","og_site_name":"MERCIS","article_modified_time":"2025-05-14T12:37:50+00:00","twitter_card":"summary_large_image","twitter_misc":{"Est. reading time":"2 minuti"},"schema":{"@context":"https:\/\/schema.org","@graph":[{"@type":"WebPage","@id":"https:\/\/www.mercis.si\/sl\/stik-z-nami\/","url":"https:\/\/www.mercis.si\/sl\/stik-z-nami\/","name":"Stik z nami - MERCIS","isPartOf":{"@id":"https:\/\/www.mercis.si\/sl\/#website"},"datePublished":"2019-12-03T16:57:42+00:00","dateModified":"2025-05-14T12:37:50+00:00","breadcrumb":{"@id":"https:\/\/www.mercis.si\/sl\/stik-z-nami\/#breadcrumb"},"inLanguage":"sl-SI","potentialAction":[{"@type":"ReadAction","target":["https:\/\/www.mercis.si\/sl\/stik-z-nami\/"]}]},{"@type":"BreadcrumbList","@id":"https:\/\/www.mercis.si\/sl\/stik-z-nami\/#breadcrumb","itemListElement":[{"@type":"ListItem","position":1,"name":"Home","item":"https:\/\/www.mercis.si\/sl\/"},{"@type":"ListItem","position":2,"name":"Stik z nami"}]},{"@type":"WebSite","@id":"https:\/\/www.mercis.si\/sl\/#website","url":"https:\/\/www.mercis.si\/sl\/","name":"MERCIS","description":"Fabrics &amp; Leathers","publisher":{"@id":"https:\/\/www.mercis.si\/sl\/#organization"},"potentialAction":[{"@type":"SearchAction","target":{"@type":"EntryPoint","urlTemplate":"https:\/\/www.mercis.si\/sl\/?s={search_term_string}"},"query-input":{"@type":"PropertyValueSpecification","valueRequired":true,"valueName":"search_term_string"}}],"inLanguage":"sl-SI"},{"@type":"Organization","@id":"https:\/\/www.mercis.si\/sl\/#organization","name":"MERCIS","url":"https:\/\/www.mercis.si\/sl\/","logo":{"@type":"ImageObject","inLanguage":"sl-SI","@id":"https:\/\/www.mercis.si\/sl\/#\/schema\/logo\/image\/","url":"https:\/\/www.mercis.si\/wp-content\/uploads\/2018\/03\/mercis_logo.png","contentUrl":"https:\/\/www.mercis.si\/wp-content\/uploads\/2018\/03\/mercis_logo.png","width":143,"height":27,"caption":"MERCIS"},"image":{"@id":"https:\/\/www.mercis.si\/sl\/#\/schema\/logo\/image\/"}}]}},"_links":{"self":[{"href":"https:\/\/www.mercis.si\/sl\/wp-json\/wp\/v2\/pages\/17470","targetHints":{"allow":["GET"]}}],"collection":[{"href":"https:\/\/www.mercis.si\/sl\/wp-json\/wp\/v2\/pages"}],"about":[{"href":"https:\/\/www.mercis.si\/sl\/wp-json\/wp\/v2\/types\/page"}],"author":[{"embeddable":true,"href":"https:\/\/www.mercis.si\/sl\/wp-json\/wp\/v2\/users\/1"}],"replies":[{"embeddable":true,"href":"https:\/\/www.mercis.si\/sl\/wp-json\/wp\/v2\/comments?post=17470"}],"version-history":[{"count":47,"href":"https:\/\/www.mercis.si\/sl\/wp-json\/wp\/v2\/pages\/17470\/revisions"}],"predecessor-version":[{"id":49125,"href":"https:\/\/www.mercis.si\/sl\/wp-json\/wp\/v2\/pages\/17470\/revisions\/49125"}],"wp:attachment":[{"href":"https:\/\/www.mercis.si\/sl\/wp-json\/wp\/v2\/media?parent=17470"}],"curies":[{"name":"wp","href":"https:\/\/api.w.org\/{rel}","templated":true}]}}